{"id":37,"date":"2024-03-06T22:26:17","date_gmt":"2024-03-06T22:26:17","guid":{"rendered":"https:\/\/cicatsalud.com\/w2024\/home\/"},"modified":"2024-05-31T22:32:47","modified_gmt":"2024-05-31T22:32:47","slug":"home","status":"publish","type":"page","link":"https:\/\/cicatsalud.com\/w2024\/","title":{"rendered":"Inicio"},"content":{"rendered":"\n\n\n\t\t\t<div data-aos= \"flip-down\" data-aos-duration=\"400\" data-aos-delay=\"0\" data-aos-easing=\"ease\" data-aos-once=\"true\" class=\"wp-block-uagb-post-carousel uagb-post-grid  uagb-post__image-position-top uagb-post__image-enabled uagb-block-d740dcdd     uagb-post__arrow-outside uagb-slick-carousel uagb-post__items uagb-post__columns-2 is-carousel uagb-post__columns-tablet-2 uagb-post__columns-mobile-1\" data-total=\"9\" style=\"\">\n\n\t\t\t\t\t\t\t\t\t\t\t\t<article class=\"uagb-post__inner-wrap\">\t\t\t\t\t<div class=\"uagb-post__text\"><span class=\"uagb-post__taxonomy highlighted\"><span class=\"dashicons-tag dashicons\"><\/span><a href=\"https:\/\/cicatsalud.com\/w2024\/category\/cursos\/\">Cursos<\/a><\/span><\/div>\t\t\t<h4 class=\"uagb-post__title uagb-post__text\">\n\t\t\t\t<a href=\"https:\/\/cicatsalud.com\/w2024\/2025\/11\/10\/curso-internacional-enfermeria-perioperatoria-de-alto-complejidad\/\" target=\"_self\" rel=\"bookmark noopener noreferrer\">CURSO INTERNACIONAL: ENFERMERIA PERIOPERATORIA DE ALTO COMPLEJIDAD<\/a>\n\t\t\t<\/h4>\n\t\t\t\t\t\t<div class='uagb-post__text uagb-post-grid-byline'>\n\t\t\t\t\t\t\t<\/div>\n\t\t\t\t\t\t\t<div class='uagb-post__text uagb-post__excerpt'>\n\t\t\t\t\t<p>La cirug\u00eda es un componente esencial en el sistema de salud en todo el mundo; siendo a menudo el tratamiento quir\u00fargico la \u00fanica alternativa para la cura de un paciente con patolog\u00eda aguda, cr\u00f3nica o terminal.\u00a0En este contexto, la enfermera, dentro del equipo quir\u00fargico, juega un papel fundamental contribuyendo al&#8230;\t\t\t\t<\/div>\n\t\t\t\t\t\t<div class=\"uagb-post__text uagb-post__cta wp-block-button\">\n\t\t\t\t<a class=\"wp-block-button__link uagb-text-link\" style=\"\" href=\"https:\/\/cicatsalud.com\/w2024\/2025\/11\/10\/curso-internacional-enfermeria-perioperatoria-de-alto-complejidad\/\" target=\"_self\" rel=\"bookmark noopener noreferrer\">Leer m\u00e1s<\/a>\n\t\t\t<\/div>\n\t\t\t\n\t\t\t\t\t\t\t\t\t<\/article>\n\t\t\t\t\t\t\t\t\t\t\t\t\t\t\t\t<article class=\"uagb-post__inner-wrap\">\t\t\t\t\t<div class=\"uagb-post__text\"><span class=\"uagb-post__taxonomy highlighted\"><span class=\"dashicons-tag dashicons\"><\/span><a href=\"https:\/\/cicatsalud.com\/w2024\/category\/cursos\/\">Cursos<\/a><\/span><\/div>\t\t\t<h4 class=\"uagb-post__title uagb-post__text\">\n\t\t\t\t<a href=\"https:\/\/cicatsalud.com\/w2024\/2025\/11\/10\/curso-internacional-bioseguridad-riesgo-laboral-y-manejo-de-residuos-solidos\/\" target=\"_self\" rel=\"bookmark noopener noreferrer\">CURSO INTERNACIONAL: BIOSEGURIDAD, RIESGO LABORAL Y MANEJO DE RESIDUOS SOLIDOS<\/a>\n\t\t\t<\/h4>\n\t\t\t\t\t\t<div class='uagb-post__text uagb-post-grid-byline'>\n\t\t\t\t\t\t\t<\/div>\n\t\t\t\t\t\t\t<div class='uagb-post__text uagb-post__excerpt'>\n\t\t\t\t\t<p>Trabajo y su Reglamento, las entidades p\u00fablicas del gobierno nacional, regional y local, as\u00ed como las empresas privadas, deben implementar un Sistema de Gesti\u00f3n de Seguridad y Salud en el Trabajo, que promueva una cultura de prevenci\u00f3n de riesgos laborales, con la participaci\u00f3n de sus trabajadores y las organizaciones sindicales,&#8230;\t\t\t\t<\/div>\n\t\t\t\t\t\t<div class=\"uagb-post__text uagb-post__cta wp-block-button\">\n\t\t\t\t<a class=\"wp-block-button__link uagb-text-link\" style=\"\" href=\"https:\/\/cicatsalud.com\/w2024\/2025\/11\/10\/curso-internacional-bioseguridad-riesgo-laboral-y-manejo-de-residuos-solidos\/\" target=\"_self\" rel=\"bookmark noopener noreferrer\">Leer m\u00e1s<\/a>\n\t\t\t<\/div>\n\t\t\t\n\t\t\t\t\t\t\t\t\t<\/article>\n\t\t\t\t\t\t\t\t\t\t\t\t\t\t\t\t<article class=\"uagb-post__inner-wrap\">\t\t\t\t\t<div class=\"uagb-post__text\"><span class=\"uagb-post__taxonomy highlighted\"><span class=\"dashicons-tag dashicons\"><\/span><a href=\"https:\/\/cicatsalud.com\/w2024\/category\/cursos\/\">Cursos<\/a><\/span><\/div>\t\t\t<h4 class=\"uagb-post__title uagb-post__text\">\n\t\t\t\t<a href=\"https:\/\/cicatsalud.com\/w2024\/2025\/10\/14\/diplomado-internacional-esterilizacion-hospitalaria\/\" target=\"_self\" rel=\"bookmark noopener noreferrer\">DIPLOMADO INTERNACIONAL: ESTERILIZACION HOSPITALARIA<\/a>\n\t\t\t<\/h4>\n\t\t\t\t\t\t<div class='uagb-post__text uagb-post-grid-byline'>\n\t\t\t\t\t\t\t<\/div>\n\t\t\t\t\t\t\t<div class='uagb-post__text uagb-post__excerpt'>\n\t\t\t\t\t<p>La Central de Esterilizaci\u00f3n constituye el eje estrat\u00e9gico en la prevenci\u00f3n de infecciones asociadas a la atenci\u00f3n en salud (IAAS), siendo un servicio cr\u00edtico que garantiza la seguridad de los pacientes y la calidad de los procedimientos cl\u00ednicos y quir\u00fargicos. En el Per\u00fa, las estad\u00edsticas del Ministerio de Salud se\u00f1alan&#8230;\t\t\t\t<\/div>\n\t\t\t\t\t\t<div class=\"uagb-post__text uagb-post__cta wp-block-button\">\n\t\t\t\t<a class=\"wp-block-button__link uagb-text-link\" style=\"\" href=\"https:\/\/cicatsalud.com\/w2024\/2025\/10\/14\/diplomado-internacional-esterilizacion-hospitalaria\/\" target=\"_self\" rel=\"bookmark noopener noreferrer\">Leer m\u00e1s<\/a>\n\t\t\t<\/div>\n\t\t\t\n\t\t\t\t\t\t\t\t\t<\/article>\n\t\t\t\t\t\t\t\t\t\t\t\t\t\t\t\t<article class=\"uagb-post__inner-wrap\">\t\t\t\t\t<div class=\"uagb-post__text\"><span class=\"uagb-post__taxonomy highlighted\"><span class=\"dashicons-tag dashicons\"><\/span><a href=\"https:\/\/cicatsalud.com\/w2024\/category\/cursos\/\">Cursos<\/a><\/span><\/div>\t\t\t<h4 class=\"uagb-post__title uagb-post__text\">\n\t\t\t\t<a href=\"https:\/\/cicatsalud.com\/w2024\/2025\/10\/09\/curso-internacional-enfermeria-en-cuidados-criticos\/\" target=\"_self\" rel=\"bookmark noopener noreferrer\">CURSO INTERNACIONAL: ENFERMERIA EN CUIDADOS CRITICOS<\/a>\n\t\t\t<\/h4>\n\t\t\t\t\t\t<div class='uagb-post__text uagb-post-grid-byline'>\n\t\t\t\t\t\t\t<\/div>\n\t\t\t\t\t\t\t<div class='uagb-post__text uagb-post__excerpt'>\n\t\t\t\t\t<p>La enfermer\u00eda en cuidados cr\u00edticos representa el n\u00facleo de la atenci\u00f3n hospitalaria en escenarios de alta complejidad, donde cada minuto y cada decisi\u00f3n profesional son determinantes para la supervivencia y recuperaci\u00f3n del paciente. En este contexto, la enfermera cr\u00edtica no solo act\u00faa como proveedora de cuidados altamente especializados, sino tambi\u00e9n&#8230;\t\t\t\t<\/div>\n\t\t\t\t\t\t<div class=\"uagb-post__text uagb-post__cta wp-block-button\">\n\t\t\t\t<a class=\"wp-block-button__link uagb-text-link\" style=\"\" href=\"https:\/\/cicatsalud.com\/w2024\/2025\/10\/09\/curso-internacional-enfermeria-en-cuidados-criticos\/\" target=\"_self\" rel=\"bookmark noopener noreferrer\">Leer m\u00e1s<\/a>\n\t\t\t<\/div>\n\t\t\t\n\t\t\t\t\t\t\t\t\t<\/article>\n\t\t\t\t\t\t\t\t\t\t\t\t\t\t\t\t<article class=\"uagb-post__inner-wrap\">\t\t\t\t\t<div class=\"uagb-post__text\"><span class=\"uagb-post__taxonomy highlighted\"><span class=\"dashicons-tag dashicons\"><\/span><a href=\"https:\/\/cicatsalud.com\/w2024\/category\/cursos\/\">Cursos<\/a><\/span><\/div>\t\t\t<h4 class=\"uagb-post__title uagb-post__text\">\n\t\t\t\t<a href=\"https:\/\/cicatsalud.com\/w2024\/2025\/08\/22\/curso-internacional-reanimacion-cardiopulmonar-en-el-siglo-xxi-adulto-y-pediatrico\/\" target=\"_self\" rel=\"bookmark noopener noreferrer\">CURSO INTERNACIONAL: REANIMACI\u00d3N CARDIOPULMONAR EN EL SIGLO XXI ADULTO Y PEDIATRICO<\/a>\n\t\t\t<\/h4>\n\t\t\t\t\t\t<div class='uagb-post__text uagb-post-grid-byline'>\n\t\t\t\t\t\t\t<\/div>\n\t\t\t\t\t\t\t<div class='uagb-post__text uagb-post__excerpt'>\n\t\t\t\t\t<p>En el vertiginoso panorama actual de la salud, la reanimaci\u00f3n cardiopulmonar (RCP) ha trascendido su concepci\u00f3n tradicional. Ya no es una secuencia de maniobras, sino una disciplina de vanguardia, impulsada por la ciencia y la innovaci\u00f3n. En este siglo XXI, hemos sido testigos de una revoluci\u00f3n en la comprensi\u00f3n fisiopatol\u00f3gica&#8230;\t\t\t\t<\/div>\n\t\t\t\t\t\t<div class=\"uagb-post__text uagb-post__cta wp-block-button\">\n\t\t\t\t<a class=\"wp-block-button__link uagb-text-link\" style=\"\" href=\"https:\/\/cicatsalud.com\/w2024\/2025\/08\/22\/curso-internacional-reanimacion-cardiopulmonar-en-el-siglo-xxi-adulto-y-pediatrico\/\" target=\"_self\" rel=\"bookmark noopener noreferrer\">Leer m\u00e1s<\/a>\n\t\t\t<\/div>\n\t\t\t\n\t\t\t\t\t\t\t\t\t<\/article>\n\t\t\t\t\t\t\t\t\t\t\t\t\t\t\t\t<article class=\"uagb-post__inner-wrap\">\t\t\t\t\t<div class=\"uagb-post__text\"><span class=\"uagb-post__taxonomy highlighted\"><span class=\"dashicons-tag dashicons\"><\/span><a href=\"https:\/\/cicatsalud.com\/w2024\/category\/cursos\/\">Cursos<\/a><\/span><\/div>\t\t\t<h4 class=\"uagb-post__title uagb-post__text\">\n\t\t\t\t<a href=\"https:\/\/cicatsalud.com\/w2024\/2025\/07\/07\/diplomado-gestion-y-administracion-de-los-servicios-de-salud\/\" target=\"_self\" rel=\"bookmark noopener noreferrer\">DIPLOMADO: GESTI\u00d3N Y ADMINISTRACI\u00d3N DE LOS SERVICIOS DE SALUD<\/a>\n\t\t\t<\/h4>\n\t\t\t\t\t\t<div class='uagb-post__text uagb-post-grid-byline'>\n\t\t\t\t\t\t\t<\/div>\n\t\t\t\t\t\t\t<div class='uagb-post__text uagb-post__excerpt'>\n\t\t\t\t\t<p>La experiencia compartida por el impacto de la pandemia COVID-19 y la progresiva recuperaci\u00f3n, ha forjado en la sociedad en conjunto y entre los integrantes del equipo de salud, importantes lecciones aprendidas plenas de sentimientos, habilidades, destrezas y m\u00faltiples saberes que, son la base de la nueva mirada y actitud&#8230;\t\t\t\t<\/div>\n\t\t\t\t\t\t<div class=\"uagb-post__text uagb-post__cta wp-block-button\">\n\t\t\t\t<a class=\"wp-block-button__link uagb-text-link\" style=\"\" href=\"https:\/\/cicatsalud.com\/w2024\/2025\/07\/07\/diplomado-gestion-y-administracion-de-los-servicios-de-salud\/\" target=\"_self\" rel=\"bookmark noopener noreferrer\">Leer m\u00e1s<\/a>\n\t\t\t<\/div>\n\t\t\t\n\t\t\t\t\t\t\t\t\t<\/article>\n\t\t\t\t\t\t\t\t\t\t\t<\/div>\n\t\t\t\n\n\n\n\n<h5>Cicat Salud ofrece&#8230;<\/h5>\n\n\n\n<h5>Cursos, Diplomados, talleres y congresos<\/h5>\n\n\n\n<h6>Nacionales e Internacionales<\/h6>\n\n\n\n<h6><span style=\"font-weight: normal;\">ahora la capitaci\u00f3n est\u00e1 mucho m\u00e1s cerca y con la misma calidad de siempre.<\/span><\/h6>\n\n\n\n<h6 [object NamedNodeMap]><span style=\"font-weight: normal;\">Modalidad: Presencial y Virtual.<\/span><br><\/h6>\n\n\n\n\n\n\n\n\n\n<p>Nacionales e internacionales.<\/p>\n\n\n\n\n\n<p><span>Internacionales.<\/span><\/p>\n\n\n\n\n\n<p>Disponible las 24 horas.<\/p>\n\n\n\n\n\n\n\n<h2>Alianza estrat\u00e9gica\u2026<\/h2>\n\n\n\n<p [object NamedNodeMap]>Otros servicios de la familia Cicat Salud.<\/p>\n\n\n\n<p [object NamedNodeMap]><span style=\"background-color: transparent;font-size: 15px\">Contamos con lo siguiente: . <\/span><\/p>\n\n\n\n\n\n\nCicat Salud\n\n\n\nCicat Cie\n\n\n\nCertificaci\u00f3n de T\u00e9cnicos\n\n\n\nInstituto Cicat\n\n\n\n\n\n\n\n\n\n\n\n\n<p>Lorem Ipsum has been the industry&#8217;s standard dummy text ever since the 1500s.<\/p>\n\n\n\n\n\n\n\n<h5>Ll\u00e1manos \u00f3 reserva tu participaci\u00f3n de nuestro pr\u00f3ximo evento<\/h5>\n\n\n\n<h2>No esperes m\u00e1s para capacitarte con los nosotros!<\/h2>\n\n\n\n\n","protected":false},"excerpt":{"rendered":"","protected":false},"author":1,"featured_media":0,"parent":0,"menu_order":0,"comment_status":"closed","ping_status":"closed","template":"","meta":{"nf_dc_page":"","om_disable_all_campaigns":false,"pagelayer_contact_templates":[],"_pagelayer_content":"","_uag_custom_page_level_css":"","footnotes":""},"class_list":["post-37","page","type-page","status-publish","hentry"],"yoast_head":"<!-- This site is optimized with the Yoast SEO plugin v27.5 - https:\/\/yoast.com\/product\/yoast-seo-wordpress\/ -->\n<title>Inicio - CICAT SALUD<\/title>\n<meta name=\"robots\" content=\"index, follow, max-snippet:-1, max-image-preview:large, max-video-preview:-1\" \/>\n<link rel=\"canonical\" href=\"https:\/\/cicatsalud.com\/w2024\/\" \/>\n<meta property=\"og:locale\" content=\"es_ES\" \/>\n<meta property=\"og:type\" content=\"article\" \/>\n<meta property=\"og:title\" content=\"Inicio - CICAT SALUD\" \/>\n<meta property=\"og:url\" content=\"https:\/\/cicatsalud.com\/w2024\/\" \/>\n<meta property=\"og:site_name\" content=\"CICAT SALUD\" \/>\n<meta property=\"article:modified_time\" content=\"2024-05-31T22:32:47+00:00\" \/>\n<meta name=\"twitter:card\" content=\"summary_large_image\" \/>\n<meta name=\"twitter:label1\" content=\"Tiempo de lectura\" \/>\n\t<meta name=\"twitter:data1\" content=\"1 minuto\" \/>\n<script type=\"application\/ld+json\" class=\"yoast-schema-graph\">{\"@context\":\"https:\\\/\\\/schema.org\",\"@graph\":[{\"@type\":\"WebPage\",\"@id\":\"https:\\\/\\\/cicatsalud.com\\\/w2024\\\/\",\"url\":\"https:\\\/\\\/cicatsalud.com\\\/w2024\\\/\",\"name\":\"Inicio - CICAT SALUD\",\"isPartOf\":{\"@id\":\"https:\\\/\\\/cicatsalud.com\\\/w2024\\\/#website\"},\"datePublished\":\"2024-03-06T22:26:17+00:00\",\"dateModified\":\"2024-05-31T22:32:47+00:00\",\"breadcrumb\":{\"@id\":\"https:\\\/\\\/cicatsalud.com\\\/w2024\\\/#breadcrumb\"},\"inLanguage\":\"es\",\"potentialAction\":[{\"@type\":\"ReadAction\",\"target\":[\"https:\\\/\\\/cicatsalud.com\\\/w2024\\\/\"]}]},{\"@type\":\"BreadcrumbList\",\"@id\":\"https:\\\/\\\/cicatsalud.com\\\/w2024\\\/#breadcrumb\",\"itemListElement\":[{\"@type\":\"ListItem\",\"position\":1,\"name\":\"Home\",\"item\":\"https:\\\/\\\/cicatsalud.com\\\/w2024\\\/\"},{\"@type\":\"ListItem\",\"position\":2,\"name\":\"Inicio\"}]},{\"@type\":\"WebSite\",\"@id\":\"https:\\\/\\\/cicatsalud.com\\\/w2024\\\/#website\",\"url\":\"https:\\\/\\\/cicatsalud.com\\\/w2024\\\/\",\"name\":\"CICAT SALUD\",\"description\":\"CAPACITACION\",\"publisher\":{\"@id\":\"https:\\\/\\\/cicatsalud.com\\\/w2024\\\/#organization\"},\"potentialAction\":[{\"@type\":\"SearchAction\",\"target\":{\"@type\":\"EntryPoint\",\"urlTemplate\":\"https:\\\/\\\/cicatsalud.com\\\/w2024\\\/?s={search_term_string}\"},\"query-input\":{\"@type\":\"PropertyValueSpecification\",\"valueRequired\":true,\"valueName\":\"search_term_string\"}}],\"inLanguage\":\"es\"},{\"@type\":\"Organization\",\"@id\":\"https:\\\/\\\/cicatsalud.com\\\/w2024\\\/#organization\",\"name\":\"CICAT SALUD\",\"url\":\"https:\\\/\\\/cicatsalud.com\\\/w2024\\\/\",\"logo\":{\"@type\":\"ImageObject\",\"inLanguage\":\"es\",\"@id\":\"https:\\\/\\\/cicatsalud.com\\\/w2024\\\/#\\\/schema\\\/logo\\\/image\\\/\",\"url\":\"https:\\\/\\\/i0.wp.com\\\/cicatsalud.com\\\/w2024\\\/wp-content\\\/uploads\\\/2024\\\/03\\\/cropped-logo_cicat.png?fit=512%2C512&ssl=1\",\"contentUrl\":\"https:\\\/\\\/i0.wp.com\\\/cicatsalud.com\\\/w2024\\\/wp-content\\\/uploads\\\/2024\\\/03\\\/cropped-logo_cicat.png?fit=512%2C512&ssl=1\",\"width\":512,\"height\":512,\"caption\":\"CICAT SALUD\"},\"image\":{\"@id\":\"https:\\\/\\\/cicatsalud.com\\\/w2024\\\/#\\\/schema\\\/logo\\\/image\\\/\"}}]}<\/script>\n<!-- \/ Yoast SEO plugin. -->","yoast_head_json":{"title":"Inicio - CICAT SALUD","robots":{"index":"index","follow":"follow","max-snippet":"max-snippet:-1","max-image-preview":"max-image-preview:large","max-video-preview":"max-video-preview:-1"},"canonical":"https:\/\/cicatsalud.com\/w2024\/","og_locale":"es_ES","og_type":"article","og_title":"Inicio - CICAT SALUD","og_url":"https:\/\/cicatsalud.com\/w2024\/","og_site_name":"CICAT SALUD","article_modified_time":"2024-05-31T22:32:47+00:00","twitter_card":"summary_large_image","twitter_misc":{"Tiempo de lectura":"1 minuto"},"schema":{"@context":"https:\/\/schema.org","@graph":[{"@type":"WebPage","@id":"https:\/\/cicatsalud.com\/w2024\/","url":"https:\/\/cicatsalud.com\/w2024\/","name":"Inicio - CICAT SALUD","isPartOf":{"@id":"https:\/\/cicatsalud.com\/w2024\/#website"},"datePublished":"2024-03-06T22:26:17+00:00","dateModified":"2024-05-31T22:32:47+00:00","breadcrumb":{"@id":"https:\/\/cicatsalud.com\/w2024\/#breadcrumb"},"inLanguage":"es","potentialAction":[{"@type":"ReadAction","target":["https:\/\/cicatsalud.com\/w2024\/"]}]},{"@type":"BreadcrumbList","@id":"https:\/\/cicatsalud.com\/w2024\/#breadcrumb","itemListElement":[{"@type":"ListItem","position":1,"name":"Home","item":"https:\/\/cicatsalud.com\/w2024\/"},{"@type":"ListItem","position":2,"name":"Inicio"}]},{"@type":"WebSite","@id":"https:\/\/cicatsalud.com\/w2024\/#website","url":"https:\/\/cicatsalud.com\/w2024\/","name":"CICAT SALUD","description":"CAPACITACION","publisher":{"@id":"https:\/\/cicatsalud.com\/w2024\/#organization"},"potentialAction":[{"@type":"SearchAction","target":{"@type":"EntryPoint","urlTemplate":"https:\/\/cicatsalud.com\/w2024\/?s={search_term_string}"},"query-input":{"@type":"PropertyValueSpecification","valueRequired":true,"valueName":"search_term_string"}}],"inLanguage":"es"},{"@type":"Organization","@id":"https:\/\/cicatsalud.com\/w2024\/#organization","name":"CICAT SALUD","url":"https:\/\/cicatsalud.com\/w2024\/","logo":{"@type":"ImageObject","inLanguage":"es","@id":"https:\/\/cicatsalud.com\/w2024\/#\/schema\/logo\/image\/","url":"https:\/\/i0.wp.com\/cicatsalud.com\/w2024\/wp-content\/uploads\/2024\/03\/cropped-logo_cicat.png?fit=512%2C512&ssl=1","contentUrl":"https:\/\/i0.wp.com\/cicatsalud.com\/w2024\/wp-content\/uploads\/2024\/03\/cropped-logo_cicat.png?fit=512%2C512&ssl=1","width":512,"height":512,"caption":"CICAT SALUD"},"image":{"@id":"https:\/\/cicatsalud.com\/w2024\/#\/schema\/logo\/image\/"}}]}},"uagb_featured_image_src":{"full":false,"thumbnail":false,"medium":false,"medium_large":false,"large":false,"1536x1536":false,"2048x2048":false},"uagb_author_info":{"display_name":"admin","author_link":"https:\/\/cicatsalud.com\/w2024\/author\/admin\/"},"uagb_comment_info":0,"uagb_excerpt":null,"jetpack_sharing_enabled":true,"_links":{"self":[{"href":"https:\/\/cicatsalud.com\/w2024\/wp-json\/wp\/v2\/pages\/37","targetHints":{"allow":["GET"]}}],"collection":[{"href":"https:\/\/cicatsalud.com\/w2024\/wp-json\/wp\/v2\/pages"}],"about":[{"href":"https:\/\/cicatsalud.com\/w2024\/wp-json\/wp\/v2\/types\/page"}],"author":[{"embeddable":true,"href":"https:\/\/cicatsalud.com\/w2024\/wp-json\/wp\/v2\/users\/1"}],"replies":[{"embeddable":true,"href":"https:\/\/cicatsalud.com\/w2024\/wp-json\/wp\/v2\/comments?post=37"}],"version-history":[{"count":4,"href":"https:\/\/cicatsalud.com\/w2024\/wp-json\/wp\/v2\/pages\/37\/revisions"}],"predecessor-version":[{"id":378,"href":"https:\/\/cicatsalud.com\/w2024\/wp-json\/wp\/v2\/pages\/37\/revisions\/378"}],"wp:attachment":[{"href":"https:\/\/cicatsalud.com\/w2024\/wp-json\/wp\/v2\/media?parent=37"}],"curies":[{"name":"wp","href":"https:\/\/api.w.org\/{rel}","templated":true}]}}