{"id":39,"date":"2024-03-06T22:26:17","date_gmt":"2024-03-06T22:26:17","guid":{"rendered":"https:\/\/cicatsalud.com\/w2024\/about-us\/"},"modified":"2024-03-28T16:51:40","modified_gmt":"2024-03-28T16:51:40","slug":"about-us","status":"publish","type":"page","link":"https:\/\/cicatsalud.com\/w2024\/about-us\/","title":{"rendered":"CICAT SALUD"},"content":{"rendered":"\n\n\n\n\n<p [object NamedNodeMap]>Centro de capacitaci\u00f3n profesional<\/p>\n\n\n\n\n\n<h2>Bienvenidos&#8230;<\/h2>\n\n<p [object NamedNodeMap]>Fundada hace mas de 20 a\u00f1os, Cicat Salud\u00a0 est\u00e1 conformado por profesionales altamente capacitados y conocedores de \u00e1rea de Salud. Todos tenemos un objetivo en com\u00fan: \u00a1Ayudarte!<\/p>\n\n<p style=\"text-align: justify;\">Nuestra representada es una Instituci\u00f3n Educativa sin fines de lucro constituida formalmente e inscrita en la ficha N\u00b0 12137, el 10 de enero de 1990, en los Registros de Personas Jur\u00eddicas de los Registros P\u00fablicos de Lima, reconocida por el Ministerio de Educaci\u00f3n con R.M. N\u00b0 0614-92ED. De fecha 14 de agosto de 1992, De conformidad con las metas y objetivos se\u00f1alados en nuestro estatuto, por lo sustentado precedentemente queda establecido que nuestra representada act\u00faa y se desarrolla dentro del marco de la ley con la observancia absoluta de conductas de lealtad, buena fe y veracidad  mereciendo en contraprestaci\u00f3n la satisfacci\u00f3n y seguridad de nuestros participantes..<\/p>\n<p style=\"text-align: justify;\">Asimismo nuestra instituci\u00f3n realiza capacitaciones realizando  cursos y congresos nacionales o internacionales dirigido a Profesionales de la Salud y Estudiantes. Nuestra Instituci\u00f3n tiene una trayectoria de 33 a\u00f1os de reconocimiento profesional, asimismo nos distinguimos por el cumplimiento y compromiso \u00e9tico que siempre nos ha caracterizado por contar con un equipo de trabajo responsable dentro de la competitividad.<\/p>\n<p style=\"text-align: justify;\">A su vez somos representantes de ECSI en Per\u00fa, capacitando en RCP B\u00e1sico y Avanzado Adulto y Pedi\u00e1trico. \u201cCentro Internacional de Entrenamiento en Urgencias y Emergencias M\u00e9dicas &#8211; CICAT\u201d con aval internacional \u201cEmergency Care and Safety Institute &#8211; ECSI\u201d en asociaci\u00f3n con la \u201cAmerican Academy of Orthopaedic Surgeons \u2013 AAOS\u201d y el \u201cAmerican College of Emergency Physicians &#8211; ACEP\u201d.<\/p>\n<p><br><\/p>\n\n\n<p>Lorem Ipsum has been the industry&#8217;s standard dummy text ever since the 1500s.<\/p>\n\n\n\n\n\n\n<h6>A\u00f1os experiencia<\/h6>\n\n\n\n\n\n<h6>Clientes Satisfechos<\/h6>\n\n\n\n\n\n<h6>Cursos Nacionales<\/h6>\n\n\n\n\n\n<h6>Cursos Internacionales<\/h6>\n\n\n\n\n\n<h2>Nuestros capacitados<\/h2>\n<p>Algunos comentarios de nuestros clientes satisfechos<\/p>\n\n\n\n<p>Los cursos de capacitaci\u00f3n, Diplomados etc. Son muy buenas y sobre todo de acceso a la disponibilidad del tiempo.<\/p>\n\n\n\n<p>Su efectividad para realizar las capacitaciones y la entrega de certificados es muy r\u00e1pido.<\/p>\n\n\n\n<p>Excelentes cursos nos ayudan mucho a capacitarnos y ser buenos profesionales con vocaci\u00f3n de servicio.<\/p>\n\n\n\n\n","protected":false},"excerpt":{"rendered":"","protected":false},"author":1,"featured_media":0,"parent":0,"menu_order":0,"comment_status":"closed","ping_status":"closed","template":"","meta":{"nf_dc_page":"","om_disable_all_campaigns":false,"pagelayer_contact_templates":[],"_pagelayer_content":"","_uag_custom_page_level_css":"","footnotes":""},"class_list":["post-39","page","type-page","status-publish","hentry"],"yoast_head":"<!-- This site is optimized with the Yoast SEO plugin v27.5 - https:\/\/yoast.com\/product\/yoast-seo-wordpress\/ -->\n<title>CICAT SALUD - CICAT SALUD<\/title>\n<meta name=\"robots\" content=\"index, follow, max-snippet:-1, max-image-preview:large, max-video-preview:-1\" \/>\n<link rel=\"canonical\" href=\"https:\/\/cicatsalud.com\/w2024\/about-us\/\" \/>\n<meta property=\"og:locale\" content=\"es_ES\" \/>\n<meta property=\"og:type\" content=\"article\" \/>\n<meta property=\"og:title\" content=\"CICAT SALUD - CICAT SALUD\" \/>\n<meta property=\"og:url\" content=\"https:\/\/cicatsalud.com\/w2024\/about-us\/\" \/>\n<meta property=\"og:site_name\" content=\"CICAT SALUD\" \/>\n<meta property=\"article:modified_time\" content=\"2024-03-28T16:51:40+00:00\" \/>\n<meta name=\"twitter:card\" content=\"summary_large_image\" \/>\n<meta name=\"twitter:label1\" content=\"Tiempo de lectura\" \/>\n\t<meta name=\"twitter:data1\" content=\"1 minuto\" \/>\n<script type=\"application\/ld+json\" class=\"yoast-schema-graph\">{\"@context\":\"https:\\\/\\\/schema.org\",\"@graph\":[{\"@type\":\"WebPage\",\"@id\":\"https:\\\/\\\/cicatsalud.com\\\/w2024\\\/about-us\\\/\",\"url\":\"https:\\\/\\\/cicatsalud.com\\\/w2024\\\/about-us\\\/\",\"name\":\"CICAT SALUD - CICAT SALUD\",\"isPartOf\":{\"@id\":\"https:\\\/\\\/cicatsalud.com\\\/w2024\\\/#website\"},\"datePublished\":\"2024-03-06T22:26:17+00:00\",\"dateModified\":\"2024-03-28T16:51:40+00:00\",\"breadcrumb\":{\"@id\":\"https:\\\/\\\/cicatsalud.com\\\/w2024\\\/about-us\\\/#breadcrumb\"},\"inLanguage\":\"es\",\"potentialAction\":[{\"@type\":\"ReadAction\",\"target\":[\"https:\\\/\\\/cicatsalud.com\\\/w2024\\\/about-us\\\/\"]}]},{\"@type\":\"BreadcrumbList\",\"@id\":\"https:\\\/\\\/cicatsalud.com\\\/w2024\\\/about-us\\\/#breadcrumb\",\"itemListElement\":[{\"@type\":\"ListItem\",\"position\":1,\"name\":\"Home\",\"item\":\"https:\\\/\\\/cicatsalud.com\\\/w2024\\\/\"},{\"@type\":\"ListItem\",\"position\":2,\"name\":\"CICAT SALUD\"}]},{\"@type\":\"WebSite\",\"@id\":\"https:\\\/\\\/cicatsalud.com\\\/w2024\\\/#website\",\"url\":\"https:\\\/\\\/cicatsalud.com\\\/w2024\\\/\",\"name\":\"CICAT SALUD\",\"description\":\"CAPACITACION\",\"publisher\":{\"@id\":\"https:\\\/\\\/cicatsalud.com\\\/w2024\\\/#organization\"},\"potentialAction\":[{\"@type\":\"SearchAction\",\"target\":{\"@type\":\"EntryPoint\",\"urlTemplate\":\"https:\\\/\\\/cicatsalud.com\\\/w2024\\\/?s={search_term_string}\"},\"query-input\":{\"@type\":\"PropertyValueSpecification\",\"valueRequired\":true,\"valueName\":\"search_term_string\"}}],\"inLanguage\":\"es\"},{\"@type\":\"Organization\",\"@id\":\"https:\\\/\\\/cicatsalud.com\\\/w2024\\\/#organization\",\"name\":\"CICAT SALUD\",\"url\":\"https:\\\/\\\/cicatsalud.com\\\/w2024\\\/\",\"logo\":{\"@type\":\"ImageObject\",\"inLanguage\":\"es\",\"@id\":\"https:\\\/\\\/cicatsalud.com\\\/w2024\\\/#\\\/schema\\\/logo\\\/image\\\/\",\"url\":\"https:\\\/\\\/i0.wp.com\\\/cicatsalud.com\\\/w2024\\\/wp-content\\\/uploads\\\/2024\\\/03\\\/cropped-logo_cicat.png?fit=512%2C512&ssl=1\",\"contentUrl\":\"https:\\\/\\\/i0.wp.com\\\/cicatsalud.com\\\/w2024\\\/wp-content\\\/uploads\\\/2024\\\/03\\\/cropped-logo_cicat.png?fit=512%2C512&ssl=1\",\"width\":512,\"height\":512,\"caption\":\"CICAT SALUD\"},\"image\":{\"@id\":\"https:\\\/\\\/cicatsalud.com\\\/w2024\\\/#\\\/schema\\\/logo\\\/image\\\/\"}}]}<\/script>\n<!-- \/ Yoast SEO plugin. -->","yoast_head_json":{"title":"CICAT SALUD - CICAT SALUD","robots":{"index":"index","follow":"follow","max-snippet":"max-snippet:-1","max-image-preview":"max-image-preview:large","max-video-preview":"max-video-preview:-1"},"canonical":"https:\/\/cicatsalud.com\/w2024\/about-us\/","og_locale":"es_ES","og_type":"article","og_title":"CICAT SALUD - CICAT SALUD","og_url":"https:\/\/cicatsalud.com\/w2024\/about-us\/","og_site_name":"CICAT SALUD","article_modified_time":"2024-03-28T16:51:40+00:00","twitter_card":"summary_large_image","twitter_misc":{"Tiempo de lectura":"1 minuto"},"schema":{"@context":"https:\/\/schema.org","@graph":[{"@type":"WebPage","@id":"https:\/\/cicatsalud.com\/w2024\/about-us\/","url":"https:\/\/cicatsalud.com\/w2024\/about-us\/","name":"CICAT SALUD - CICAT SALUD","isPartOf":{"@id":"https:\/\/cicatsalud.com\/w2024\/#website"},"datePublished":"2024-03-06T22:26:17+00:00","dateModified":"2024-03-28T16:51:40+00:00","breadcrumb":{"@id":"https:\/\/cicatsalud.com\/w2024\/about-us\/#breadcrumb"},"inLanguage":"es","potentialAction":[{"@type":"ReadAction","target":["https:\/\/cicatsalud.com\/w2024\/about-us\/"]}]},{"@type":"BreadcrumbList","@id":"https:\/\/cicatsalud.com\/w2024\/about-us\/#breadcrumb","itemListElement":[{"@type":"ListItem","position":1,"name":"Home","item":"https:\/\/cicatsalud.com\/w2024\/"},{"@type":"ListItem","position":2,"name":"CICAT SALUD"}]},{"@type":"WebSite","@id":"https:\/\/cicatsalud.com\/w2024\/#website","url":"https:\/\/cicatsalud.com\/w2024\/","name":"CICAT SALUD","description":"CAPACITACION","publisher":{"@id":"https:\/\/cicatsalud.com\/w2024\/#organization"},"potentialAction":[{"@type":"SearchAction","target":{"@type":"EntryPoint","urlTemplate":"https:\/\/cicatsalud.com\/w2024\/?s={search_term_string}"},"query-input":{"@type":"PropertyValueSpecification","valueRequired":true,"valueName":"search_term_string"}}],"inLanguage":"es"},{"@type":"Organization","@id":"https:\/\/cicatsalud.com\/w2024\/#organization","name":"CICAT SALUD","url":"https:\/\/cicatsalud.com\/w2024\/","logo":{"@type":"ImageObject","inLanguage":"es","@id":"https:\/\/cicatsalud.com\/w2024\/#\/schema\/logo\/image\/","url":"https:\/\/i0.wp.com\/cicatsalud.com\/w2024\/wp-content\/uploads\/2024\/03\/cropped-logo_cicat.png?fit=512%2C512&ssl=1","contentUrl":"https:\/\/i0.wp.com\/cicatsalud.com\/w2024\/wp-content\/uploads\/2024\/03\/cropped-logo_cicat.png?fit=512%2C512&ssl=1","width":512,"height":512,"caption":"CICAT SALUD"},"image":{"@id":"https:\/\/cicatsalud.com\/w2024\/#\/schema\/logo\/image\/"}}]}},"uagb_featured_image_src":{"full":false,"thumbnail":false,"medium":false,"medium_large":false,"large":false,"1536x1536":false,"2048x2048":false},"uagb_author_info":{"display_name":"admin","author_link":"https:\/\/cicatsalud.com\/w2024\/author\/admin\/"},"uagb_comment_info":0,"uagb_excerpt":null,"jetpack_sharing_enabled":true,"_links":{"self":[{"href":"https:\/\/cicatsalud.com\/w2024\/wp-json\/wp\/v2\/pages\/39","targetHints":{"allow":["GET"]}}],"collection":[{"href":"https:\/\/cicatsalud.com\/w2024\/wp-json\/wp\/v2\/pages"}],"about":[{"href":"https:\/\/cicatsalud.com\/w2024\/wp-json\/wp\/v2\/types\/page"}],"author":[{"embeddable":true,"href":"https:\/\/cicatsalud.com\/w2024\/wp-json\/wp\/v2\/users\/1"}],"replies":[{"embeddable":true,"href":"https:\/\/cicatsalud.com\/w2024\/wp-json\/wp\/v2\/comments?post=39"}],"version-history":[{"count":5,"href":"https:\/\/cicatsalud.com\/w2024\/wp-json\/wp\/v2\/pages\/39\/revisions"}],"predecessor-version":[{"id":114,"href":"https:\/\/cicatsalud.com\/w2024\/wp-json\/wp\/v2\/pages\/39\/revisions\/114"}],"wp:attachment":[{"href":"https:\/\/cicatsalud.com\/w2024\/wp-json\/wp\/v2\/media?parent=39"}],"curies":[{"name":"wp","href":"https:\/\/api.w.org\/{rel}","templated":true}]}}